{"id":4259,"date":"2017-03-16T16:53:08","date_gmt":"2017-03-16T14:53:08","guid":{"rendered":"http:\/\/www.netads.ee\/en\/portaalid\/"},"modified":"2018-02-08T16:00:06","modified_gmt":"2018-02-08T14:00:06","slug":"portals","status":"publish","type":"page","link":"https:\/\/netads.ee\/en\/portals\/","title":{"rendered":"Portals"},"content":{"rendered":"<p>Advertising in Estonian Internet portals. You can choose between the most known pages like Delfi, \u00c4rip\u00e4ev, \u00d5htuleht, Postimees but also some interesting niche pages. If a goal is to achieve larger reach within a short time frame, then advertising in portals is definitely a right choice for you. There is a selection of different banner formats, therefore previous campaign materials can be used. For the clients with smaller budget we advise to start with social media and display networks campaigns.<\/p>\n<p>There are three important factors to consider: visual appeal to grab attention, location to maximize exposure, and relevancy to improve response.<\/p>\n","protected":false},"excerpt":{"rendered":"<p>Advertising in Estonian Internet portals. You can choose between the most known pages like Delfi, \u00c4rip\u00e4ev, \u00d5htuleht, Postimees but also some interesting niche pages. If a<span class=\"excerpt-hellip\"> [\u2026]<\/span><\/p>\n","protected":false},"author":1,"featured_media":0,"parent":0,"menu_order":0,"comment_status":"open","ping_status":"closed","template":"","meta":{"footnotes":""},"yoast_head":"<!-- This site is optimized with the Yoast SEO plugin v22.1 - https:\/\/yoast.com\/wordpress\/plugins\/seo\/ -->\n<title>Portals - Netads<\/title>\n<meta name=\"description\" content=\"Advertising in Estonian Internet portals. You can choose between the most known pages but also some interesting niche pages.\" \/>\n<meta name=\"robots\" content=\"index, follow, max-snippet:-1, max-image-preview:large, max-video-preview:-1\" \/>\n<link rel=\"canonical\" href=\"https:\/\/netads.ee\/en\/portals\/\" \/>\n<meta property=\"og:locale\" content=\"en_US\" \/>\n<meta property=\"og:type\" content=\"article\" \/>\n<meta property=\"og:title\" content=\"Portals - Netads\" \/>\n<meta property=\"og:description\" content=\"Advertising in Estonian Internet portals. You can choose between the most known pages but also some interesting niche pages.\" \/>\n<meta property=\"og:url\" content=\"https:\/\/netads.ee\/en\/portals\/\" \/>\n<meta property=\"og:site_name\" content=\"Netads\" \/>\n<meta property=\"article:modified_time\" content=\"2018-02-08T14:00:06+00:00\" \/>\n<meta name=\"twitter:card\" content=\"summary_large_image\" \/>\n<meta name=\"twitter:label1\" content=\"Est. reading time\" \/>\n\t<meta name=\"twitter:data1\" content=\"1 minute\" \/>\n<script type=\"application\/ld+json\" class=\"yoast-schema-graph\">{\"@context\":\"https:\/\/schema.org\",\"@graph\":[{\"@type\":\"WebPage\",\"@id\":\"https:\/\/netads.ee\/en\/portals\/\",\"url\":\"https:\/\/netads.ee\/en\/portals\/\",\"name\":\"Portals - Netads\",\"isPartOf\":{\"@id\":\"https:\/\/netads.ee\/#website\"},\"datePublished\":\"2017-03-16T14:53:08+00:00\",\"dateModified\":\"2018-02-08T14:00:06+00:00\",\"description\":\"Advertising in Estonian Internet portals. You can choose between the most known pages but also some interesting niche pages.\",\"breadcrumb\":{\"@id\":\"https:\/\/netads.ee\/en\/portals\/#breadcrumb\"},\"inLanguage\":\"en-US\",\"potentialAction\":[{\"@type\":\"ReadAction\",\"target\":[\"https:\/\/netads.ee\/en\/portals\/\"]}]},{\"@type\":\"BreadcrumbList\",\"@id\":\"https:\/\/netads.ee\/en\/portals\/#breadcrumb\",\"itemListElement\":[{\"@type\":\"ListItem\",\"position\":1,\"name\":\"Home\",\"item\":\"https:\/\/netads.ee\/en\/\"},{\"@type\":\"ListItem\",\"position\":2,\"name\":\"Portals\"}]},{\"@type\":\"WebSite\",\"@id\":\"https:\/\/netads.ee\/#website\",\"url\":\"https:\/\/netads.ee\/\",\"name\":\"Netads\",\"description\":\"\",\"publisher\":{\"@id\":\"https:\/\/netads.ee\/#organization\"},\"potentialAction\":[{\"@type\":\"SearchAction\",\"target\":{\"@type\":\"EntryPoint\",\"urlTemplate\":\"https:\/\/netads.ee\/?s={search_term_string}\"},\"query-input\":\"required name=search_term_string\"}],\"inLanguage\":\"en-US\"},{\"@type\":\"Organization\",\"@id\":\"https:\/\/netads.ee\/#organization\",\"name\":\"Netads\",\"url\":\"https:\/\/netads.ee\/\",\"logo\":{\"@type\":\"ImageObject\",\"inLanguage\":\"en-US\",\"@id\":\"https:\/\/netads.ee\/#\/schema\/logo\/image\/\",\"url\":\"https:\/\/netads.ee\/wp-content\/uploads\/netads-retina-1-1.png\",\"contentUrl\":\"https:\/\/netads.ee\/wp-content\/uploads\/netads-retina-1-1.png\",\"width\":271,\"height\":100,\"caption\":\"Netads\"},\"image\":{\"@id\":\"https:\/\/netads.ee\/#\/schema\/logo\/image\/\"}}]}<\/script>\n<!-- \/ Yoast SEO plugin. -->","yoast_head_json":{"title":"Portals - Netads","description":"Advertising in Estonian Internet portals. You can choose between the most known pages but also some interesting niche pages.","robots":{"index":"index","follow":"follow","max-snippet":"max-snippet:-1","max-image-preview":"max-image-preview:large","max-video-preview":"max-video-preview:-1"},"canonical":"https:\/\/netads.ee\/en\/portals\/","og_locale":"en_US","og_type":"article","og_title":"Portals - Netads","og_description":"Advertising in Estonian Internet portals. You can choose between the most known pages but also some interesting niche pages.","og_url":"https:\/\/netads.ee\/en\/portals\/","og_site_name":"Netads","article_modified_time":"2018-02-08T14:00:06+00:00","twitter_card":"summary_large_image","twitter_misc":{"Est. reading time":"1 minute"},"schema":{"@context":"https:\/\/schema.org","@graph":[{"@type":"WebPage","@id":"https:\/\/netads.ee\/en\/portals\/","url":"https:\/\/netads.ee\/en\/portals\/","name":"Portals - Netads","isPartOf":{"@id":"https:\/\/netads.ee\/#website"},"datePublished":"2017-03-16T14:53:08+00:00","dateModified":"2018-02-08T14:00:06+00:00","description":"Advertising in Estonian Internet portals. You can choose between the most known pages but also some interesting niche pages.","breadcrumb":{"@id":"https:\/\/netads.ee\/en\/portals\/#breadcrumb"},"inLanguage":"en-US","potentialAction":[{"@type":"ReadAction","target":["https:\/\/netads.ee\/en\/portals\/"]}]},{"@type":"BreadcrumbList","@id":"https:\/\/netads.ee\/en\/portals\/#breadcrumb","itemListElement":[{"@type":"ListItem","position":1,"name":"Home","item":"https:\/\/netads.ee\/en\/"},{"@type":"ListItem","position":2,"name":"Portals"}]},{"@type":"WebSite","@id":"https:\/\/netads.ee\/#website","url":"https:\/\/netads.ee\/","name":"Netads","description":"","publisher":{"@id":"https:\/\/netads.ee\/#organization"},"potentialAction":[{"@type":"SearchAction","target":{"@type":"EntryPoint","urlTemplate":"https:\/\/netads.ee\/?s={search_term_string}"},"query-input":"required name=search_term_string"}],"inLanguage":"en-US"},{"@type":"Organization","@id":"https:\/\/netads.ee\/#organization","name":"Netads","url":"https:\/\/netads.ee\/","logo":{"@type":"ImageObject","inLanguage":"en-US","@id":"https:\/\/netads.ee\/#\/schema\/logo\/image\/","url":"https:\/\/netads.ee\/wp-content\/uploads\/netads-retina-1-1.png","contentUrl":"https:\/\/netads.ee\/wp-content\/uploads\/netads-retina-1-1.png","width":271,"height":100,"caption":"Netads"},"image":{"@id":"https:\/\/netads.ee\/#\/schema\/logo\/image\/"}}]}},"_links":{"self":[{"href":"https:\/\/netads.ee\/en\/wp-json\/wp\/v2\/pages\/4259"}],"collection":[{"href":"https:\/\/netads.ee\/en\/wp-json\/wp\/v2\/pages"}],"about":[{"href":"https:\/\/netads.ee\/en\/wp-json\/wp\/v2\/types\/page"}],"author":[{"embeddable":true,"href":"https:\/\/netads.ee\/en\/wp-json\/wp\/v2\/users\/1"}],"replies":[{"embeddable":true,"href":"https:\/\/netads.ee\/en\/wp-json\/wp\/v2\/comments?post=4259"}],"version-history":[{"count":4,"href":"https:\/\/netads.ee\/en\/wp-json\/wp\/v2\/pages\/4259\/revisions"}],"predecessor-version":[{"id":4417,"href":"https:\/\/netads.ee\/en\/wp-json\/wp\/v2\/pages\/4259\/revisions\/4417"}],"wp:attachment":[{"href":"https:\/\/netads.ee\/en\/wp-json\/wp\/v2\/media?parent=4259"}],"curies":[{"name":"wp","href":"https:\/\/api.w.org\/{rel}","templated":true}]}}